{"id":94,"date":"2017-10-18T07:22:17","date_gmt":"2017-10-18T07:22:17","guid":{"rendered":"http:\/\/incantadas.com\/proyecto\/"},"modified":"2017-10-19T12:48:07","modified_gmt":"2017-10-19T12:48:07","slug":"proyecto","status":"publish","type":"page","link":"https:\/\/incantadas.com\/el\/","title":{"rendered":"\u0388\u03a1\u0393\u039f"},"content":{"rendered":"<div class=\"slider-wrapper relative\" id=\"slider-1843930819\" >\n    <div class=\"slider slider-nav-circle slider-nav-large slider-nav-light slider-style-normal\"\n        data-flickity-options='{\n            \"cellAlign\": \"center\",\n            \"imagesLoaded\": true,\n            \"lazyLoad\": 1,\n            \"freeScroll\": false,\n            \"wrapAround\": true,\n            \"autoPlay\": 6000,\n            \"pauseAutoPlayOnHover\" : true,\n            \"prevNextButtons\": true,\n            \"contain\" : true,\n            \"adaptiveHeight\" : true,\n            \"dragThreshold\" : 10,\n            \"percentPosition\": true,\n            \"pageDots\": true,\n            \"rightToLeft\": false,\n            \"draggable\": true,\n            \"selectedAttraction\": 0.1,\n            \"parallax\" : 0,\n            \"friction\": 0.6        }'\n        >\n        \n\t<div class=\"img has-hover x md-x lg-x y md-y lg-y\" id=\"image_1932582894\">\n\t\t\t\t\t\t\t\t<div class=\"img-inner dark\" >\n\t\t\t<img loading=\"lazy\" decoding=\"async\" width=\"948\" height=\"403\" src=\"https:\/\/incantadas.com\/wp-content\/uploads\/2017\/10\/slider-img1.jpg\" class=\"attachment-large size-large\" alt=\"\" srcset=\"https:\/\/incantadas.com\/wp-content\/uploads\/2017\/10\/slider-img1.jpg 948w, https:\/\/incantadas.com\/wp-content\/uploads\/2017\/10\/slider-img1-300x128.jpg 300w, https:\/\/incantadas.com\/wp-content\/uploads\/2017\/10\/slider-img1-768x326.jpg 768w\" sizes=\"auto, (max-width: 948px) 100vw, 948px\" \/>\t\t\t\t\t\t\n\t\t\t\t\t<\/div>\n\t\t\t\t\t\t\t\t\n<style>\n#image_1932582894 {\n  width: 100%;\n}\n<\/style>\n\t<\/div>\n\t\n\t<div class=\"img has-hover x md-x lg-x y md-y lg-y\" id=\"image_678083724\">\n\t\t\t\t\t\t\t\t<div class=\"img-inner dark\" >\n\t\t\t<img loading=\"lazy\" decoding=\"async\" width=\"948\" height=\"403\" src=\"https:\/\/incantadas.com\/wp-content\/uploads\/2017\/10\/slider-img3.jpg\" class=\"attachment-large size-large\" alt=\"\" srcset=\"https:\/\/incantadas.com\/wp-content\/uploads\/2017\/10\/slider-img3.jpg 948w, https:\/\/incantadas.com\/wp-content\/uploads\/2017\/10\/slider-img3-300x128.jpg 300w, https:\/\/incantadas.com\/wp-content\/uploads\/2017\/10\/slider-img3-768x326.jpg 768w\" sizes=\"auto, (max-width: 948px) 100vw, 948px\" \/>\t\t\t\t\t\t\n\t\t\t\t\t<\/div>\n\t\t\t\t\t\t\t\t\n<style>\n#image_678083724 {\n  width: 100%;\n}\n<\/style>\n\t<\/div>\n\t\n\t<div class=\"img has-hover x md-x lg-x y md-y lg-y\" id=\"image_942828246\">\n\t\t\t\t\t\t\t\t<div class=\"img-inner dark\" >\n\t\t\t<img loading=\"lazy\" decoding=\"async\" width=\"948\" height=\"403\" src=\"https:\/\/incantadas.com\/wp-content\/uploads\/2017\/10\/slider-img2.jpg\" class=\"attachment-large size-large\" alt=\"\" srcset=\"https:\/\/incantadas.com\/wp-content\/uploads\/2017\/10\/slider-img2.jpg 948w, https:\/\/incantadas.com\/wp-content\/uploads\/2017\/10\/slider-img2-300x128.jpg 300w, https:\/\/incantadas.com\/wp-content\/uploads\/2017\/10\/slider-img2-768x326.jpg 768w\" sizes=\"auto, (max-width: 948px) 100vw, 948px\" \/>\t\t\t\t\t\t\n\t\t\t\t\t<\/div>\n\t\t\t\t\t\t\t\t\n<style>\n#image_942828246 {\n  width: 100%;\n}\n<\/style>\n\t<\/div>\n\t\n     <\/div>\n\n     <div class=\"loading-spin dark large centered\"><\/div>\n\n\t<\/div>\n\n\n<div class=\"row\"  id=\"row-2102893538\">\n\n\t<div id=\"col-1198586142\" class=\"col small-12 large-12\"  >\n\t\t\t\t<div class=\"col-inner\"  >\n\t\t\t\n\t\t\t\n<div id=\"row-1361650809\" class=\"row\">\n<div class=\"col medium-1\/1 large-12\">\n<div class=\"col-inner\">\n<p style=\"text-align: right;\">\u03a4\u03b1 \u03b5\u03c1\u03b5\u03af\u03c0\u03b9\u03b1 \u03c4\u03b7 \u03bc\u03bd\u03ae\u03bc\u03b7 \u03bc\u03bf\u03c5 \u03c3\u03c9\u03c6\u03c1\u03bf\u03bd\u03af\u03b6\u03bf\u03c5\u03bd<br \/>\n\u03ba\u03b1\u03b9 \u03bc\u03b5 \u03ba\u03ac\u03bd\u03bf\u03c5\u03bd \u03bd\u03b1 \u03b1\u03bc\u03c6\u03b9\u03c3\u03b2\u03b7\u03c4\u03ce \u03cc\u03c3\u03b1 \u03ad\u03c7\u03c9 \u03bc\u03ac\u03b8\u03b5\u03b9.<\/p>\n<p style=\"text-align: right;\">Antonio Carvajal Milena, 2012 (\u03b1\u03bd\u03ad\u03ba\u03b4\u03bf\u03c4\u03bf)<\/p>\n<p>Las Incantadas (\u039f\u03b9 \u039c\u03b1\u03b3\u03b5\u03bc\u03ad\u03bd\u03b5\u03c2), \u03c3\u03c4\u03b7 \u03b4\u03b9\u03ac\u03bb\u03b5\u03ba\u03c4\u03bf \u03c4\u03c9\u03bd \u03a3\u03b5\u03c6\u03b1\u03c1\u03b4\u03b9\u03c4\u03ce\u03bd-\u039b\u03b1\u03c4\u03af\u03bd\u03c9\u03bd, \u03b5\u03af\u03bd\u03b1\u03b9 \u03c4\u03ad\u03c3\u03c3\u03b5\u03c1\u03b9\u03c2 \u03bb\u03af\u03b8\u03b9\u03bd\u03bf\u03b9 \u03c0\u03b5\u03c3\u03c3\u03bf\u03af \u03c4\u03b7\u03c2 \u03cd\u03c3\u03c4\u03b5\u03c1\u03b7\u03c2 \u03b1\u03c1\u03c7\u03b1\u03b9\u03cc\u03c4\u03b7\u03c4\u03b1\u03c2 (3o\u03c2-5o\u03c2 \u03b1\u03b9.) \u03bc\u03b5 \u03b1\u03bd\u03ac\u03b3\u03bb\u03c5\u03c6\u03b5\u03c2 \u03bc\u03bf\u03c1\u03c6\u03ad\u03c2 \u03c6\u03c5\u03c3\u03b9\u03ba\u03bf\u03cd \u03bc\u03b5\u03b3\u03ad\u03b8\u03bf\u03c5\u03c2. \u0397 \u03b5\u03b9\u03ba\u03cc\u03bd\u03b1 \u03c4\u03bf\u03c5\u03c2 \u03ba\u03b1\u03b9 \u03bf \u03b8\u03c1\u03cd\u03bb\u03bf\u03c2 \u03c4\u03bf\u03c5\u03c2 \u03b1\u03c0\u03bf\u03c4\u03b5\u03bb\u03bf\u03cd\u03bd \u03ad\u03bd\u03b1 \u03b1\u03c0\u03cc \u03c4\u03b1 \u03c3\u03cd\u03bc\u03b2\u03bf\u03bb\u03b1 \u03c4\u03b7\u03c2 \u03c0\u03cc\u03bb\u03b7\u03c2 \u03c4\u03b7\u03c2 \u0398\u03b5\u03c3\u03c3\u03b1\u03bb\u03bf\u03bd\u03af\u03ba\u03b7\u03c2.<\/p>\n<p>\u03a4\u03bf \u03b5\u03c1\u03b5\u03c5\u03bd\u03b7\u03c4\u03b9\u03ba\u03cc \u03ba\u03b1\u03bb\u03bb\u03b9\u03c4\u03b5\u03c7\u03bd\u03b9\u03ba\u03cc \u03c0\u03c1\u03cc\u03b3\u03c1\u03b1\u03bc\u03bc\u03b1: INCANTADAS. \u039c\u0399\u0391 \u0395\u0393\u039a\u0391\u03a4\u0391\u03a3\u03a4\u0391\u03a3\u0397 \u03a3\u03a5\u0393\u03a7\u03a1\u039f\u039d\u03a9\u039d \u0399\u03a7\u039d\u039f\u0393\u03a1\u0391\u03a6\u0397\u039c\u0391\u03a4\u03a9\u039d \u039c\u039d\u0397\u039c\u0395\u0399\u0391\u039a\u039f\u03a5 \u03a7\u0391\u03a1\u0391\u039a\u03a4\u0397\u03a1\u0391 \u0392\u0391\u03a3\u0399\u03a3\u039c\u0395\u039d\u03a9\u039d \u03a3\u03a4\u0397\u039d \u0391\u03a0\u0395\u0399\u039a\u039f\u039d\u0399\u03a3\u0397 \u03a4\u0397\u03a3 \u03a0\u039f\u039b\u0399\u03a4\u0399\u03a3\u03a4\u0399\u039a\u0397\u03a3 \u03a0\u0391\u03a1\u0391\u0394\u039f\u03a3\u0397\u03a3 \u03a4\u0397\u03a3 \u039c\u0391\u039a\u0395\u0394\u039f\u039d\u0399\u0391\u03a3 \u03ad\u03c7\u03b5\u03b9 \u03bf\u03c1\u03b3\u03b1\u03bd\u03c9\u03b8\u03b5\u03af \u03b1\u03c0\u03cc \u03ba\u03bf\u03b9\u03bd\u03bf\u03cd \u03b1\u03c0\u03cc \u03c4\u03bf \u0391\u03c1\u03c7\u03b1\u03b9\u03bf\u03bb\u03bf\u03b3\u03b9\u03ba\u03cc \u039c\u03bf\u03c5\u03c3\u03b5\u03af\u03bf \u0398\u03b5\u03c3\u03c3\u03b1\u03bb\u03bf\u03bd\u03af\u03ba\u03b7\u03c2, \u03c4\u03bf \u039a\u03ad\u03bd\u03c4\u03c1\u03bf \u0392\u03c5\u03b6\u03b1\u03bd\u03c4\u03b9\u03bd\u03ce\u03bd \u039d\u03b5\u03bf\u03b5\u03bb\u03bb\u03b7\u03bd\u03b9\u03ba\u03ce\u03bd \u03ba\u03b1\u03b9 \u039a\u03c5\u03c0\u03c1\u03b9\u03b1\u03ba\u03ce\u03bd \u03a3\u03c0\u03bf\u03c5\u03b4\u03ce\u03bd \u0393\u03c1\u03ac\u03bd\u03b1\u03b4\u03b1\u03c2 \u03ba\u03b1\u03b9 \u03c4\u03bf \u03a0\u03b1\u03bd\u03b5\u03c0\u03b9\u03c3\u03c4\u03ae\u03bc\u03b9\u03bf \u0393\u03c1\u03b1\u03bd\u03ac\u03b4\u03b1\u03c2 \u03bc\u03b5 \u03b1\u03c0\u03ce\u03c4\u03b5\u03c1\u03bf \u03c3\u03c4\u03cc\u03c7\u03bf \u03c4\u03b7 \u03c3\u03c5\u03bd\u03cd\u03c0\u03b1\u03c1\u03be\u03b7 \u03c4\u03b7\u03c2 \u03c3\u03cd\u03b3\u03c7\u03c1\u03bf\u03bd\u03b7\u03c2 \u03ba\u03b1\u03bb\u03bb\u03b9\u03c4\u03b5\u03c7\u03bd\u03b9\u03ba\u03ae\u03c2 \u03b4\u03b7\u03bc\u03b9\u03bf\u03c5\u03c1\u03b3\u03af\u03b1\u03c2 \u03ba\u03b1\u03b9 \u03c4\u03b7\u03c2 \u03b1\u03c1\u03c7\u03b1\u03af\u03b1\u03c2 \u03ba\u03b1\u03bb\u03bb\u03b9\u03c4\u03b5\u03c7\u03bd\u03b9\u03ba\u03ae\u03c2 \u03ba\u03bb\u03b7\u03c1\u03bf\u03bd\u03bf\u03bc\u03b9\u03ac\u03c2.<\/p>\n<p>\u039a\u03b1\u03c4\u03ac \u03c4\u03b7 \u03b4\u03b9\u03ac\u03c1\u03ba\u03b5\u03b9\u03b1 \u03c4\u03c9\u03bd \u03b4\u03cd\u03bf \u03c4\u03b5\u03bb\u03b5\u03c5\u03c4\u03b1\u03af\u03c9\u03bd \u03b5\u03c4\u03ce\u03bd, \u03bf\u03b9 \u03ba\u03b1\u03bb\u03bb\u03b9\u03c4\u03ad\u03c7\u03bd\u03b5\u03c2 \u03ba\u03b1\u03b9 \u03ba\u03b1\u03b8\u03b7\u03b3\u03b7\u03c4\u03ad\u03c2 \u03c4\u03b7\u03c2 \u03a3\u03c7\u03bf\u03bb\u03ae\u03c2 \u039a\u03b1\u03bb\u03ce\u03bd \u03a4\u03b5\u03c7\u03bd\u03ce\u03bd \u03c4\u03bf\u03c5 \u03a0\u03b1\u03bd\u03b5\u03c0\u03b9\u03c3\u03c4\u03b7\u03bc\u03af\u03bf\u03c5 \u0393\u03c1\u03b1\u03bd\u03ac\u03b4\u03b1\u03c2, Asunci\u00f3n J\u00f3dar \u03ba\u03b1\u03b9 Ricardo Mar\u00edn-Viadel, \u03c3\u03c7\u03b5\u03b4\u03af\u03b1\u03c3\u03b1\u03bd \u03ba\u03ac\u03c0\u03bf\u03b9\u03b1 \u03b1\u03c0\u03cc \u03c4\u03b1 \u03ad\u03c1\u03b3\u03b1 \u03c4\u03b7\u03c2 \u03bc\u03cc\u03bd\u03b9\u03bc\u03b7\u03c2 \u03c3\u03c5\u03bb\u03bb\u03bf\u03b3\u03ae\u03c2 \u03c0\u03bf\u03c5 \u03b5\u03ba\u03c4\u03af\u03b8\u03b5\u03c4\u03b1\u03b9 \u03c3\u03c4\u03bf \u0391\u03c1\u03c7\u03b1\u03b9\u03bf\u03bb\u03bf\u03b3\u03b9\u03ba\u03cc \u039c\u03bf\u03c5\u03c3\u03b5\u03af\u03bf \u0398\u03b5\u03c3\u03c3\u03b1\u03bb\u03bf\u03bd\u03af\u03ba\u03b7\u03c2 \u03ba\u03b1\u03b9 \u03c4\u03b9\u03c2 \u03bf\u03ba\u03c4\u03ce LAS INCANTADAS \u03c0\u03bf\u03c5 \u03b5\u03ba\u03c4\u03af\u03b8\u03b5\u03bd\u03c4\u03b1\u03b9 \u03c3\u03c4\u03bf \u039b\u03bf\u03cd\u03b2\u03c1\u03bf.<\/p>\n<p>\u0397 \u03b5\u03b3\u03ba\u03b1\u03c4\u03ac\u03c3\u03c4\u03b1\u03c3\u03b7 \u03b1\u03c5\u03c4\u03ae \u03c3\u03c4\u03bf \u0391\u03c1\u03c7\u03b1\u03b9\u03bf\u03bb\u03bf\u03b3\u03b9\u03ba\u03cc \u039c\u03bf\u03c5\u03c3\u03b5\u03af\u03bf \u0398\u03b5\u03c3\u03c3\u03b1\u03bb\u03bf\u03bd\u03af\u03ba\u03b7\u03c2 \u03c3\u03c5\u03bd\u03af\u03c3\u03c4\u03b1\u03c4\u03b1\u03b9 \u03c3\u03b5 \u03c0\u03b5\u03c1\u03b9\u03c3\u03c3\u03cc\u03c4\u03b5\u03c1\u03b1 \u03b1\u03c0\u03cc \u03b5\u03be\u03ae\u03bd\u03c4\u03b1 \u03b9\u03c7\u03bd\u03bf\u03b3\u03c1\u03b1\u03c6\u03ae\u03bc\u03b1\u03c4\u03b1 \u03bc\u03bd\u03b7\u03bc\u03b5\u03b9\u03b1\u03ba\u03bf\u03cd \u03c7\u03b1\u03c1\u03b1\u03ba\u03c4\u03ae\u03c1\u03b1, \u03cd\u03c8\u03bf\u03c5\u03c2 \u03b5\u03bd\u03ac\u03bc\u03b9\u03c3\u03c5 \u03bc\u03ad\u03c4\u03c1\u03bf\u03c5 \u03c0\u03b5\u03c1\u03af\u03c0\u03bf\u03c5, \u03c0\u03bf\u03c5 \u03c0\u03b1\u03c1\u03bf\u03c5\u03c3\u03b9\u03ac\u03b6\u03bf\u03bd\u03c4\u03b1\u03b9 \u03c3\u03b5 \u03bc\u03bf\u03c1\u03c6\u03ae \u03b4\u03b9\u03b1\u03bb\u03cc\u03b3\u03bf\u03c5 \u03bc\u03b5 \u03c4\u03b1 \u03ad\u03c1\u03b3\u03b1 \u03c4\u03ad\u03c7\u03bd\u03b7\u03c2 \u03c4\u03bf\u03c5 \u03bc\u03bf\u03c5\u03c3\u03b5\u03af\u03bf\u03c5 \u03ba\u03b1\u03b9 \u03bc\u03b5 \u03c4\u03b1 \u03b1\u03c1\u03c7\u03b9\u03c4\u03b5\u03ba\u03c4\u03bf\u03bd\u03b9\u03ba\u03ac \u03c7\u03b1\u03c1\u03b1\u03ba\u03c4\u03b7\u03c1\u03b9\u03c3\u03c4\u03b9\u03ba\u03ac \u03c4\u03bf\u03c5 \u03bc\u03bf\u03bd\u03c4\u03ad\u03c1\u03bd\u03bf\u03c5 \u03ba\u03c4\u03b7\u03c1\u03af\u03bf\u03c5.<\/p>\n<\/div>\n<\/div>\n<\/div>\n\t\t<\/div>\n\t\t\t\t\t<\/div>\n\n\t\n<\/div>\n<div class=\"row align-center\"  id=\"row-322665771\">\n\n\t<div id=\"col-1789097151\" class=\"col medium-3 small-12 large-3\"  >\n\t\t\t\t<div class=\"col-inner text-center\"  >\n\t\t\t\n\t\t\t\n\t<div class=\"img has-hover x md-x lg-x y md-y lg-y\" id=\"image_1302395080\">\n\t\t\t\t\t\t\t\t<div class=\"img-inner dark\" >\n\t\t\t<img loading=\"lazy\" decoding=\"async\" width=\"200\" height=\"200\" src=\"https:\/\/incantadas.com\/wp-content\/uploads\/2017\/10\/ASUNCION.jpg\" class=\"attachment-large size-large\" alt=\"\" srcset=\"https:\/\/incantadas.com\/wp-content\/uploads\/2017\/10\/ASUNCION.jpg 200w, https:\/\/incantadas.com\/wp-content\/uploads\/2017\/10\/ASUNCION-150x150.jpg 150w\" sizes=\"auto, (max-width: 200px) 100vw, 200px\" \/>\t\t\t\t\t\t\n\t\t\t\t\t<\/div>\n\t\t\t\t\t\t\t\t\n<style>\n#image_1302395080 {\n  width: 100%;\n}\n<\/style>\n\t<\/div>\n\t\n<p><strong>ASUNCI\u00d3N J\u00d3DAR MI\u00d1ARRO<\/strong><\/p>\n<div class=\"social-icons follow-icons\" ><a href=\"mailto:asunj@ugr.es\" data-label=\"E-mail\" target=\"_blank\" class=\"icon button circle is-outline tooltip email\" title=\"Send us an email\" aria-label=\"Send us an email\" rel=\"nofollow noopener\"><i class=\"icon-envelop\" aria-hidden=\"true\"><\/i><\/a><\/div>\n<p><a href=\"http:\/\/incantadas.com\/wp-content\/uploads\/2017\/10\/cvricardomariningles.pdf\" target=\"_blank\" rel=\"noopener\"><strong>CURRICULUM VITAE<\/strong><\/a><\/p>\n\t\t<\/div>\n\t\t\t\t\t<\/div>\n\n\t\n\n\t<div id=\"col-67847989\" class=\"col medium-6 small-12 large-6\"  >\n\t\t\t\t<div class=\"col-inner\"  >\n\t\t\t\n\t\t\t\n\t<div class=\"img has-hover x md-x lg-x y md-y lg-y\" id=\"image_1023307558\">\n\t\t<a class=\"image-lightbox lightbox-gallery\" title=\"\" href=\"https:\/\/incantadas.com\/wp-content\/uploads\/2017\/10\/Invitacioningles-1.jpg\">\t\t\t\t\t\t<div class=\"img-inner dark\" >\n\t\t\t<img loading=\"lazy\" decoding=\"async\" width=\"866\" height=\"610\" src=\"https:\/\/incantadas.com\/wp-content\/uploads\/2017\/10\/Invitacioningles-1.jpg\" class=\"attachment-large size-large\" alt=\"\" srcset=\"https:\/\/incantadas.com\/wp-content\/uploads\/2017\/10\/Invitacioningles-1.jpg 866w, https:\/\/incantadas.com\/wp-content\/uploads\/2017\/10\/Invitacioningles-1-300x211.jpg 300w, https:\/\/incantadas.com\/wp-content\/uploads\/2017\/10\/Invitacioningles-1-768x541.jpg 768w\" sizes=\"auto, (max-width: 866px) 100vw, 866px\" \/>\t\t\t\t\t\t\n\t\t\t\t\t<\/div>\n\t\t\t\t\t\t<\/a>\t\t\n<style>\n#image_1023307558 {\n  width: 100%;\n}\n<\/style>\n\t<\/div>\n\t\n\t\t<\/div>\n\t\t\t\t\t<\/div>\n\n\t\n\n\t<div id=\"col-484685728\" class=\"col medium-3 small-12 large-3\"  >\n\t\t\t\t<div class=\"col-inner text-center\"  >\n\t\t\t\n\t\t\t\n\t<div class=\"img has-hover x md-x lg-x y md-y lg-y\" id=\"image_211116168\">\n\t\t\t\t\t\t\t\t<div class=\"img-inner dark\" >\n\t\t\t<img loading=\"lazy\" decoding=\"async\" width=\"200\" height=\"200\" src=\"https:\/\/incantadas.com\/wp-content\/uploads\/2017\/10\/s200_ricardo.mar_n-viadel.jpg\" class=\"attachment-large size-large\" alt=\"\" srcset=\"https:\/\/incantadas.com\/wp-content\/uploads\/2017\/10\/s200_ricardo.mar_n-viadel.jpg 200w, https:\/\/incantadas.com\/wp-content\/uploads\/2017\/10\/s200_ricardo.mar_n-viadel-150x150.jpg 150w\" sizes=\"auto, (max-width: 200px) 100vw, 200px\" \/>\t\t\t\t\t\t\n\t\t\t\t\t<\/div>\n\t\t\t\t\t\t\t\t\n<style>\n#image_211116168 {\n  width: 100%;\n}\n<\/style>\n\t<\/div>\n\t\n<p><strong>RICARDO MAR\u00cdN VIADEL<\/strong><\/p>\n<div class=\"social-icons follow-icons\" ><a href=\"mailto:ricardom@ugr.es\" data-label=\"E-mail\" target=\"_blank\" class=\"icon button circle is-outline tooltip email\" title=\"Send us an email\" aria-label=\"Send us an email\" rel=\"nofollow noopener\"><i class=\"icon-envelop\" aria-hidden=\"true\"><\/i><\/a><\/div>\n<p><a href=\"http:\/\/incantadas.com\/wp-content\/uploads\/2017\/10\/ricardomarin.pdf\" target=\"_blank\" rel=\"noopener\"><strong>CURRICULUM VITAE<\/strong><\/a><\/p>\n\t\t<\/div>\n\t\t\t\t\t<\/div>\n\n\t\n<\/div>\n","protected":false},"excerpt":{"rendered":"","protected":false},"author":3,"featured_media":0,"parent":0,"menu_order":0,"comment_status":"closed","ping_status":"closed","template":"","meta":{"footnotes":""},"class_list":["post-94","page","type-page","status-publish","hentry"],"_links":{"self":[{"href":"https:\/\/incantadas.com\/el\/wp-json\/wp\/v2\/pages\/94","targetHints":{"allow":["GET"]}}],"collection":[{"href":"https:\/\/incantadas.com\/el\/wp-json\/wp\/v2\/pages"}],"about":[{"href":"https:\/\/incantadas.com\/el\/wp-json\/wp\/v2\/types\/page"}],"author":[{"embeddable":true,"href":"https:\/\/incantadas.com\/el\/wp-json\/wp\/v2\/users\/3"}],"replies":[{"embeddable":true,"href":"https:\/\/incantadas.com\/el\/wp-json\/wp\/v2\/comments?post=94"}],"version-history":[{"count":3,"href":"https:\/\/incantadas.com\/el\/wp-json\/wp\/v2\/pages\/94\/revisions"}],"predecessor-version":[{"id":97,"href":"https:\/\/incantadas.com\/el\/wp-json\/wp\/v2\/pages\/94\/revisions\/97"}],"wp:attachment":[{"href":"https:\/\/incantadas.com\/el\/wp-json\/wp\/v2\/media?parent=94"}],"curies":[{"name":"wp","href":"https:\/\/api.w.org\/{rel}","templated":true}]}}